{"id":135,"date":"2014-02-11T09:51:40","date_gmt":"2014-02-11T07:51:40","guid":{"rendered":"http:\/\/www.beischers-grillhendl.de\/?page_id=135"},"modified":"2026-04-17T19:29:00","modified_gmt":"2026-04-17T17:29:00","slug":"standorte","status":"publish","type":"page","link":"https:\/\/www.beischers-grillhendl.de\/?page_id=135","title":{"rendered":"Standorte"},"content":{"rendered":"\n<p>Wir sind auch<strong> 2026<\/strong> f\u00fcr Euch da!<\/p>\n\n\n\n<hr class=\"wp-block-separator\"\/>\n\n\n\n<p><strong><span class=\"has-inline-color has-black-color\">Monag in Leeder<\/span><\/strong><span class=\"has-inline-color has-vivid-red-color\"><br><\/span> (10:30 Uhr bis 14:00 Uhr) <\/p>\n\n\n\n<p>an der Hauptstra\u00dfe gegen\u00fcber Netto<br>(von 10:30 Uhr bis 14 Uhr) <\/p>\n\n\n\n<p><strong>DIENSTAG &#8211; In Weil <\/strong><br>an der VR-BANK an der Hauptstra\u00dfe<br>(10:30 Uhr bis 13:30 Uhr)<\/p>\n\n\n\n<p><strong>MITTWOCH &#8211; In Diessen<\/strong> <br>am Penny-Markt<br>(von 10:30 Uhr bis 14 Uhr)<\/p>\n\n\n\n<p><strong>DONNERSTAG &#8211; In Landsberg<\/strong> <br>bei Getr\u00e4nke BAUER in der Waldheimer Stra\u00dfe (gegen\u00fcber Netto, und in der N\u00e4he des China Restaurants) (von 10:30 Uhr bis 14 Uhr)<\/p>\n\n\n\n<p class=\"has-large-font-size\"><em>Freitags im Wechsel <\/em><\/p>\n\n\n<h2><strong><!-- \/wp:paragraph --><\/strong><\/h2>\n<hr \/>\n<h2><span style=\"color: #808080;\">FREITAG &#8211; <\/span>In Peiting N\u00e4he Sparkasse<\/h2>\n<p><strong>N\u00e4chster Verkauf in Peiting am<\/strong><\/p>\n<p><strong>24.04.26<\/strong><\/p>\n<p>08.05.26<\/p>\n<p>22.05.06<\/p>\n<p>\u00a0<\/p>\n<p>\u00a0<\/p>\n<hr \/><hr \/>\n<h2><span style=\"color: #999999;\">FREITAG &#8211; In Hofstetten <\/span><br \/><span style=\"color: #999999;\">bei EDEKA Welzmiller<\/span><\/h2>\n<p><strong>N\u00e4chster Verkauf in Hofstetten am<\/strong><\/p>\n<p><strong>15.05.26<\/strong><\/p>\n<p>\u00a0<\/p>\n<p>\u00a0<\/p>\n<hr \/>\n<ul>\n<li><strong>SAMSTAG &#8211; In Issing<\/strong><br \/>bei EDEKA Welzmiller<br \/>(von 10:30 Uhr bis 14:00 Uhr)<\/li>\n<\/ul>\n<p><!-- \/wp:list --><\/p>\n<p><!-- wp:heading {\"level\":5} --><\/p>\n<h4>\u00a0<\/h4>\n<p>\u00a0<\/p>\n<p><!-- wp:paragraph --><\/p>\n<p><!-- \/wp:paragraph --><\/p>\n<p><!-- wp:paragraph --><\/p>\n<p><!-- \/wp:paragraph --><\/p>","protected":false},"excerpt":{"rendered":"<p>Wir sind auch 2026 f\u00fcr Euch da! Monag in Leeder (10:30 Uhr bis 14:00 Uhr) an der Hauptstra\u00dfe gegen\u00fcber Netto(von 10:30 Uhr bis 14 Uhr) DIENSTAG &#8211; In Weil an der VR-BANK an der Hauptstra\u00dfe(10:30 Uhr bis 13:30 Uhr) MITTWOCH &#8211; In Diessen am Penny-Markt(von 10:30 Uhr bis 14 Uhr) DONNERSTAG &#8211; In Landsberg bei [&hellip;]<\/p>\n","protected":false},"author":1,"featured_media":0,"parent":0,"menu_order":4,"comment_status":"open","ping_status":"open","template":"","meta":[],"_links":{"self":[{"href":"https:\/\/www.beischers-grillhendl.de\/index.php?rest_route=\/wp\/v2\/pages\/135"}],"collection":[{"href":"https:\/\/www.beischers-grillhendl.de\/index.php?rest_route=\/wp\/v2\/pages"}],"about":[{"href":"https:\/\/www.beischers-grillhendl.de\/index.php?rest_route=\/wp\/v2\/types\/page"}],"author":[{"embeddable":true,"href":"https:\/\/www.beischers-grillhendl.de\/index.php?rest_route=\/wp\/v2\/users\/1"}],"replies":[{"embeddable":true,"href":"https:\/\/www.beischers-grillhendl.de\/index.php?rest_route=%2Fwp%2Fv2%2Fcomments&post=135"}],"version-history":[{"count":132,"href":"https:\/\/www.beischers-grillhendl.de\/index.php?rest_route=\/wp\/v2\/pages\/135\/revisions"}],"predecessor-version":[{"id":525,"href":"https:\/\/www.beischers-grillhendl.de\/index.php?rest_route=\/wp\/v2\/pages\/135\/revisions\/525"}],"wp:attachment":[{"href":"https:\/\/www.beischers-grillhendl.de\/index.php?rest_route=%2Fwp%2Fv2%2Fmedia&parent=135"}],"curies":[{"name":"wp","href":"https:\/\/api.w.org\/{rel}","templated":true}]}}