{"id":186,"date":"2018-08-27T09:24:42","date_gmt":"2018-08-27T07:24:42","guid":{"rendered":"http:\/\/www.beischers-grillhendl.de\/?page_id=186"},"modified":"2018-08-27T09:25:25","modified_gmt":"2018-08-27T07:25:25","slug":"datenschutzerklaerung","status":"publish","type":"page","link":"https:\/\/www.beischers-grillhendl.de\/?page_id=186","title":{"rendered":"DATENSCHUTZERKL\u00c4RUNG"},"content":{"rendered":"&nbsp;\r\n\r\n<strong>Datenschutzerkl\u00e4rung<\/strong>\r\n\r\n<strong>\u00a0<\/strong>\r\n<h4>Grundlegendes<\/h4>\r\n<h4><\/h4>\r\nDiese Datenschutzerkl\u00e4rung soll die Nutzer dieser Website \u00fcber die Art, den Umfang und den Zweck der Erhebung und Verwendung personenbezogener Daten durch den Websitebetreiber informieren.\r\n\r\n&nbsp;\r\n\r\nKontaktdaten Websitebetreiber:\r\n\r\n&nbsp;\r\n\r\nStefan Prummer\r\n\r\nWinklerstr. 14\r\n\r\n86947 Pestenacker\r\n\r\nTel.Nr.\u00a0 08195-9981210\r\n\r\nMail: prummer@beischers-grillhendl.de\r\n\r\n&nbsp;\r\n\r\nDer Websitebetreiber nimmt Ihren Datenschutz ernst und behandelt Ihre personenbezogenen Daten vertraulich und entsprechend der gesetzlichen Vorschriften. Da durch neue Technologien und die st\u00e4ndige Weiterentwicklung dieser Webseite \u00c4nderungen an dieser Datenschutzerkl\u00e4rung vorgenommen werden k\u00f6nnen, empfehlen wir Ihnen sich die Datenschutzerkl\u00e4rung in regelm\u00e4\u00dfigen Abst\u00e4nden wieder durchzulesen.\r\n\r\n&nbsp;\r\n\r\nDefinitionen der verwendeten Begriffe (z.B. \u201cpersonenbezogene Daten\u201d oder \u201cVerarbeitung\u201d) finden Sie in Art. 4 DSGVO.\r\n\r\n&nbsp;\r\n<h4>Zugriffsdaten<\/h4>\r\n&nbsp;\r\n\r\nWir, der Websitebetreiber bzw. Seitenprovider, erheben aufgrund unseres berechtigten Interesses (s. Art. 6 Abs. 1 lit. f. DSGVO) Daten \u00fcber Zugriffe auf die Website und speichern diese als \u201eServer-Logfiles\u201c auf dem Server der Website ab. Folgende Daten werden so protokolliert:\r\n\r\n&nbsp;\r\n<ul>\r\n \t<li>Besuchte Website<\/li>\r\n \t<li>Uhrzeit zum Zeitpunkt des Zugriffes<\/li>\r\n \t<li>Menge der gesendeten Daten in Byte<\/li>\r\n \t<li>Quelle\/Verweis, von welchem Sie auf die Seite gelangten<\/li>\r\n \t<li>Verwendeter Browser<\/li>\r\n \t<li>Verwendetes Betriebssystem<\/li>\r\n \t<li>Verwendete IP-Adresse<\/li>\r\n<\/ul>\r\n&nbsp;\r\n\r\nDie Server-Logfiles werden f\u00fcr maximal 7 Tage gespeichert und anschlie\u00dfend gel\u00f6scht. Die Speicherung der Daten erfolgt aus Sicherheitsgr\u00fcnden, um z. B. Missbrauchsf\u00e4lle aufkl\u00e4ren zu k\u00f6nnen. M\u00fcssen Daten aus Beweisgr\u00fcnden aufgehoben werden, sind sie solange von der L\u00f6schung ausgenommen bis der Vorfall endg\u00fcltig gekl\u00e4rt ist.\r\n\r\n&nbsp;\r\n<h4>Reichweitenmessung &amp; Cookies<\/h4>\r\n<h4><\/h4>\r\nDiese Website verwendet Cookies zur pseudonymisierten Reichweitenmessung, die entweder von unserem Server oder dem Server Dritter an den Browser des Nutzers \u00fcbertragen werden. Bei Cookies handelt es sich um kleine Dateien, welche auf Ihrem Endger\u00e4t gespeichert werden. Ihr Browser greift auf diese Dateien zu. Durch den Einsatz von Cookies erh\u00f6ht sich die Benutzerfreundlichkeit und Sicherheit dieser Website.\r\n\r\nG\u00e4ngige Browser bieten die Einstellungsoption, Cookies nicht zuzulassen. Hinweis: Es ist nicht gew\u00e4hrleistet, dass Sie auf alle Funktionen dieser Website ohne Einschr\u00e4nkungen zugreifen k\u00f6nnen, wenn Sie entsprechende Einstellungen vornehmen.\r\n\r\n&nbsp;\r\n\r\n<strong>Erfassung und Verarbeitung personenbezogener Daten<\/strong>\r\n\r\n&nbsp;\r\n\r\nDer Websitebetreiber erhebt, nutzt und gibt Ihre personenbezogenen Daten nur dann weiter, wenn dies im gesetzlichen Rahmen erlaubt ist oder Sie in die Datenerhebung einwilligen.\r\n\r\nAls personenbezogene Daten gelten s\u00e4mtliche Informationen, welche dazu dienen, Ihre Person zu bestimmen und welche zu Ihnen zur\u00fcckverfolgt werden k\u00f6nnen \u2013 also beispielsweise Ihr Name, Ihre E-Mail-Adresse und Telefonnummer.\r\n\r\n&nbsp;\r\n\r\nDiese Website k\u00f6nnen Sie auch besuchen, ohne Angaben zu Ihrer Person zu machen. Zur Verbesserung unseres Online-Angebotes speichern wir jedoch (ohne Personenbezug) Ihre Zugriffsdaten auf diese Website. Zu diesen Zugriffsdaten geh\u00f6ren z. B. die von Ihnen angeforderte Datei oder der Name Ihres Internet-Providers. Durch die Anonymisierung der Daten sind R\u00fcckschl\u00fcsse auf Ihre Person nicht m\u00f6glich. Der Websitebetreiber verarbeitet zudem keine personenbezogenen Daten.\r\n\r\n&nbsp;\r\n\r\n<strong>Umgang mit Kontaktdaten<\/strong>\r\n\r\n&nbsp;\r\n\r\nNehmen Sie mit uns als Websitebetreiber durch die angebotenen Kontaktm\u00f6glichkeiten Verbindung auf, werden Ihre Angaben gespeichert, damit auf diese zur Bearbeitung und Beantwortung Ihrer Anfrage zur\u00fcckgegriffen werden kann. Ohne Ihre Einwilligung werden diese Daten nicht an Dritte weitergegeben.\r\n\r\n&nbsp;\r\n\r\n&nbsp;\r\n\r\n<strong>Rechte des Nutzers<\/strong>\r\n\r\n&nbsp;\r\n\r\nSie haben als Nutzer das Recht, auf Antrag eine kostenlose Auskunft dar\u00fcber zu erhalten, welche personenbezogenen Daten \u00fcber Sie gespeichert wurden. Sie haben au\u00dferdem das Recht auf Berichtigung falscher Daten und auf die Verarbeitungseinschr\u00e4nkung oder L\u00f6schung Ihrer personenbezogenen Daten. Falls zutreffend, k\u00f6nnen Sie auch Ihr Recht auf Datenportabilit\u00e4t geltend machen. Sollten Sie annehmen, dass Ihre Daten unrechtm\u00e4\u00dfig verarbeitet wurden, k\u00f6nnen Sie eine Beschwerde bei der zust\u00e4ndigen Aufsichtsbeh\u00f6rde einreichen.\r\n\r\n&nbsp;\r\n\r\n<strong>L\u00f6schung von Daten<\/strong>\r\n\r\n&nbsp;\r\n\r\nSofern Ihr Wunsch nicht mit einer gesetzlichen Pflicht zur Aufbewahrung von Daten (z. B. Vorratsdatenspeicherung) kollidiert, haben Sie ein Anrecht auf L\u00f6schung Ihrer Daten. Von uns gespeicherte Daten werden, sollten sie f\u00fcr ihre Zweckbestimmung nicht mehr vonn\u00f6ten sein und es keine gesetzlichen Aufbewahrungsfristen geben, gel\u00f6scht. Falls eine L\u00f6schung nicht durchgef\u00fchrt werden kann, da die Daten f\u00fcr zul\u00e4ssige gesetzliche Zwecke erforderlich sind, erfolgt eine Einschr\u00e4nkung der Datenverarbeitung. In diesem Fall werden die Daten gesperrt und nicht f\u00fcr andere Zwecke verarbeitet.\r\n<h4><\/h4>\r\n<h4>Widerspruchsrecht<\/h4>\r\n<h4><\/h4>\r\nNutzer dieser Webseite k\u00f6nnen von ihrem Widerspruchsrecht Gebrauch machen und der Verarbeitung ihrer personenbezogenen Daten zu jeder Zeit widersprechen.\r\n\r\n&nbsp;\r\n\r\nWenn Sie eine Berichtigung, Sperrung, L\u00f6schung oder Auskunft \u00fcber die zu Ihrer Person gespeicherten personenbezogenen Daten w\u00fcnschen oder Fragen bzgl. der Erhebung, Verarbeitung oder Verwendung Ihrer personenbezogenen Daten haben oder erteilte Einwilligungen widerrufen m\u00f6chten, wenden Sie sich bitte an folgende E-Mail-Adresse: <a href=\"mailto:prummer@beischers-grillhendl.de\">prummer@beischers-grillhendl.de<\/a>\r\n\r\n&nbsp;\r\n\r\n&nbsp;","protected":false},"excerpt":{"rendered":"<p>&nbsp; Datenschutzerkl\u00e4rung \u00a0 Grundlegendes Diese Datenschutzerkl\u00e4rung soll die Nutzer dieser Website \u00fcber die Art, den Umfang und den Zweck der Erhebung und Verwendung personenbezogener Daten durch den Websitebetreiber informieren. &nbsp; Kontaktdaten Websitebetreiber: &nbsp; Stefan Prummer Winklerstr. 14 86947 Pestenacker Tel.Nr.\u00a0 08195-9981210 Mail: prummer@beischers-grillhendl.de &nbsp; Der Websitebetreiber nimmt Ihren Datenschutz ernst und behandelt Ihre personenbezogenen Daten [&hellip;]<\/p>\n","protected":false},"author":1,"featured_media":0,"parent":0,"menu_order":0,"comment_status":"closed","ping_status":"closed","template":"","meta":[],"_links":{"self":[{"href":"https:\/\/www.beischers-grillhendl.de\/index.php?rest_route=\/wp\/v2\/pages\/186"}],"collection":[{"href":"https:\/\/www.beischers-grillhendl.de\/index.php?rest_route=\/wp\/v2\/pages"}],"about":[{"href":"https:\/\/www.beischers-grillhendl.de\/index.php?rest_route=\/wp\/v2\/types\/page"}],"author":[{"embeddable":true,"href":"https:\/\/www.beischers-grillhendl.de\/index.php?rest_route=\/wp\/v2\/users\/1"}],"replies":[{"embeddable":true,"href":"https:\/\/www.beischers-grillhendl.de\/index.php?rest_route=%2Fwp%2Fv2%2Fcomments&post=186"}],"version-history":[{"count":2,"href":"https:\/\/www.beischers-grillhendl.de\/index.php?rest_route=\/wp\/v2\/pages\/186\/revisions"}],"predecessor-version":[{"id":189,"href":"https:\/\/www.beischers-grillhendl.de\/index.php?rest_route=\/wp\/v2\/pages\/186\/revisions\/189"}],"wp:attachment":[{"href":"https:\/\/www.beischers-grillhendl.de\/index.php?rest_route=%2Fwp%2Fv2%2Fmedia&parent=186"}],"curies":[{"name":"wp","href":"https:\/\/api.w.org\/{rel}","templated":true}]}}