{"id":19,"date":"2014-01-25T21:55:12","date_gmt":"2014-01-25T19:55:12","guid":{"rendered":"http:\/\/www.beischers-grillhendl.de\/wordpress\/?page_id=19"},"modified":"2020-03-18T09:21:54","modified_gmt":"2020-03-18T07:21:54","slug":"produkte","status":"publish","type":"page","link":"https:\/\/www.beischers-grillhendl.de\/?page_id=19","title":{"rendered":"PRODUKTE"},"content":{"rendered":"<table cellspacing=\"0\" cellpadding=\"10\" border=\"0\">\n<tbody>\n<tr>\n<td><a href=\"http:\/\/www.beischers-grillhendl.de\/wordpress\/wp-content\/uploads\/2014\/01\/Grillhaehnchen1.jpg\"><img loading=\"lazy\" class=\"alignleft size-thumbnail wp-image-69\" src=\"http:\/\/www.beischers-grillhendl.de\/wordpress\/wp-content\/uploads\/2014\/01\/Grillhaehnchen1-150x150.jpg\" alt=\"Beischers Grillhendl\" width=\"150\" height=\"150\"><\/a>BEISCHERS GRILLHENDL\nwerden mit einer besonderen hausgemachten Gew\u00fcrzmischung\nvon Hand gew\u00fcrzt. Durch den hohen Eiwei\u00dfanteil und den geringen Fettgehalt ist das Hendl nicht nur sehr beliebt sondern auch \u00e4u\u00dferst gesund.<\/td>\n<\/tr>\n<tr>\n<td><a href=\"http:\/\/www.beischers-grillhendl.de\/wordpress\/wp-content\/uploads\/2014\/01\/Schweinshaxn1.jpg\"><img loading=\"lazy\" class=\"alignleft wp-image-72\" src=\"http:\/\/www.beischers-grillhendl.de\/wordpress\/wp-content\/uploads\/2014\/01\/Schweinshaxn1-150x150.jpg\" alt=\"Schweinshaxn\" width=\"150\" height=\"150\"><\/a>SCHWEINSHAX`N\nDas zarte, schmackhafte Fleisch und die knusprige Schwarte stehen f\u00fcr absolute Perfektion.<\/td>\n<\/tr>\n<tr>\n<td><a href=\"http:\/\/www.beischers-grillhendl.de\/wordpress\/wp-content\/uploads\/2014\/01\/Beischer-Spareribs1.jpg\"><img loading=\"lazy\" class=\"alignleft size-thumbnail wp-image-75\" src=\"http:\/\/www.beischers-grillhendl.de\/wordpress\/wp-content\/uploads\/2014\/01\/Beischer-Spareribs1-150x150.jpg\" alt=\"Spareribs\" width=\"150\" height=\"150\"><\/a>SPARERIBS\nFingerfood vom Feinsten:\nDurch ihren kr\u00e4ftigen Grillgeschmack und dem saftigen Fleisch ein wahrer Hochgenuss.<\/td>\n<\/tr>\n<tr>\n<td><a href=\"http:\/\/www.beischers-grillhendl.de\/wordpress\/wp-content\/uploads\/2014\/01\/Pommes1.jpg\"><img loading=\"lazy\" class=\"alignleft wp-image-78 \" src=\"http:\/\/www.beischers-grillhendl.de\/wordpress\/wp-content\/uploads\/2014\/01\/Pommes1.jpg\" alt=\"\" width=\"148\" height=\"100\" srcset=\"https:\/\/www.beischers-grillhendl.de\/wordpress\/wp-content\/uploads\/2014\/01\/Pommes1.jpg 550w, https:\/\/www.beischers-grillhendl.de\/wordpress\/wp-content\/uploads\/2014\/01\/Pommes1-300x203.jpg 300w\" sizes=\"(max-width: 148px) 100vw, 148px\" \/><\/a>POMMES\nUnsere knusprigen frischen Pommes frites erhalten Sie bei uns auf Wunsch gerne mit Ketchup oder Mayonnaise.<\/td>\n<\/tr>\n<tr>\n<td><a href=\"http:\/\/www.beischers-grillhendl.de\/wordpress\/wp-content\/uploads\/2014\/01\/HendlNuggets1.jpg\"><img loading=\"lazy\" class=\"alignleft size-thumbnail wp-image-76\" src=\"http:\/\/www.beischers-grillhendl.de\/wordpress\/wp-content\/uploads\/2014\/01\/HendlNuggets1-150x150.jpg\" alt=\"HendlNuggets\" width=\"150\" height=\"150\"><\/a>HENDL NUGGETS\nGanz neu im Programm:\nUnsere zarten panierten H\u00e4hnchenbrustfilet-St\u00fccke (nicht gepresst) sind vor allem bei Kindern \u00e4u\u00dferst beliebt.\nAussen knusprig &#8211; innen saftig.<\/td>\n<\/tr>\n<tr>\n<td><a href=\"http:\/\/www.beischers-grillhendl.de\/wordpress\/wp-content\/uploads\/2014\/01\/Kartoffelsalat1.jpg\"><img loading=\"lazy\" class=\"alignleft size-thumbnail wp-image-77\" src=\"http:\/\/www.beischers-grillhendl.de\/wordpress\/wp-content\/uploads\/2014\/01\/Kartoffelsalat1-150x150.jpg\" alt=\"Kartoffelsalat#\" width=\"150\" height=\"150\"><\/a>SALATEder hausgemachte bayerische Kartoffelsalat mit Gurken, sowie der herzhafte Krautsalat runden das Angebot ab.<\/td>\n<\/tr>\n<tr>\n<td><a href=\"http:\/\/www.beischers-grillhendl.de\/wordpress\/wp-content\/uploads\/2014\/01\/Beischer-Spareribs1.jpg\"><img loading=\"lazy\" class=\"alignleft size-thumbnail wp-image-75\" src=\"http:\/\/www.beischers-grillhendl.de\/wordpress\/wp-content\/uploads\/2014\/01\/Beischer-Spareribs1-150x150.jpg\" alt=\"Spareribs\" width=\"150\" height=\"150\"><\/a>GRILLBRATEN\nwerden ebenfalls mit einer speziellen Gew\u00fcrzmischung versehen, die auf dem Grill ihre perfekte Wirkung entfaltet -In der Semmel oder mit Kartoffelsalat einfach ein Gedicht!<\/td>\n<\/tr>\n<tr>\n<td><\/td>\n<\/tr>\n<tr>\n<td><\/td>\n<\/tr>\n<tr>\n<td>F\u00fcr Frische und optimale Qualit\u00e4t unserer Grillprodukte sorgen unsere Lieferanten, welche ausschlie\u00dflich aus zertifizierten b\u00e4uerlichen Fachbetrieben bestehen. Kurze Lieferwege und t\u00e4gliche Warenlieferungen aus der Region, die h\u00f6chste Qualit\u00e4tsstandards und schlachtfrische Produkte mit Herkunftsnachweis der Waren garantieren, sind f\u00fcr uns selbstverst\u00e4ndlich.<\/td>\n<\/tr>\n<\/tbody>\n<\/table>","protected":false},"excerpt":{"rendered":"<p>BEISCHERS GRILLHENDL werden mit einer besonderen hausgemachten Gew\u00fcrzmischung von Hand gew\u00fcrzt. Durch den hohen Eiwei\u00dfanteil und den geringen Fettgehalt ist das Hendl nicht nur sehr beliebt sondern auch \u00e4u\u00dferst gesund. SCHWEINSHAX`N Das zarte, schmackhafte Fleisch und die knusprige Schwarte stehen f\u00fcr absolute Perfektion. SPARERIBS Fingerfood vom Feinsten: Durch ihren kr\u00e4ftigen Grillgeschmack und dem saftigen Fleisch [&hellip;]<\/p>\n","protected":false},"author":1,"featured_media":0,"parent":0,"menu_order":2,"comment_status":"open","ping_status":"open","template":"","meta":[],"_links":{"self":[{"href":"https:\/\/www.beischers-grillhendl.de\/index.php?rest_route=\/wp\/v2\/pages\/19"}],"collection":[{"href":"https:\/\/www.beischers-grillhendl.de\/index.php?rest_route=\/wp\/v2\/pages"}],"about":[{"href":"https:\/\/www.beischers-grillhendl.de\/index.php?rest_route=\/wp\/v2\/types\/page"}],"author":[{"embeddable":true,"href":"https:\/\/www.beischers-grillhendl.de\/index.php?rest_route=\/wp\/v2\/users\/1"}],"replies":[{"embeddable":true,"href":"https:\/\/www.beischers-grillhendl.de\/index.php?rest_route=%2Fwp%2Fv2%2Fcomments&post=19"}],"version-history":[{"count":20,"href":"https:\/\/www.beischers-grillhendl.de\/index.php?rest_route=\/wp\/v2\/pages\/19\/revisions"}],"predecessor-version":[{"id":258,"href":"https:\/\/www.beischers-grillhendl.de\/index.php?rest_route=\/wp\/v2\/pages\/19\/revisions\/258"}],"wp:attachment":[{"href":"https:\/\/www.beischers-grillhendl.de\/index.php?rest_route=%2Fwp%2Fv2%2Fmedia&parent=19"}],"curies":[{"name":"wp","href":"https:\/\/api.w.org\/{rel}","templated":true}]}}