{"id":25,"date":"2014-01-25T21:56:17","date_gmt":"2014-01-25T19:56:17","guid":{"rendered":"http:\/\/www.beischers-grillhendl.de\/wordpress\/?page_id=25"},"modified":"2014-08-03T10:02:28","modified_gmt":"2014-08-03T08:02:28","slug":"kontakt","status":"publish","type":"page","link":"https:\/\/www.beischers-grillhendl.de\/?page_id=25","title":{"rendered":"KONTAKT"},"content":{"rendered":"<h1><strong>SO ERREICHEN SIE UNS:<\/strong><\/h1>\r\n<h6>Auf dieser Seite finden Sie alle M\u00f6glichkeiten, um mit uns in Kontakt zu treten.<\/h6>\r\n<h1><strong>BEISCHERS GRILLHENDL<\/strong><\/h1>\r\n<address>Conny Prummer-Beischer<\/address><address>Winklerstra\u00dfe 14<\/address><address>86947 Pestenacker<\/address><address>Tel.: +0049 8195\/998 12 10<\/address><address>Fax: +0049 8195\/22 93 059<\/address><address>Mobil: 0151\/153 66 434<\/address><address>E-Mail: prummer@beischers-grillhendl.de<\/address>\r\n<h4>Sie m\u00f6chten eine unserer leckeren Grillspezialit\u00e4ten genie\u00dfen, wissen aber nicht wo und wann Sie unserer Verkaufsfahrzeuge finden?<\/h4>\r\n<h5>Dann rufen Sie uns einfach an unter<\/h5>\r\n<h2><strong> 0151\/153 66 434<\/strong><\/h2>\r\n&nbsp;","protected":false},"excerpt":{"rendered":"<p>SO ERREICHEN SIE UNS: Auf dieser Seite finden Sie alle M\u00f6glichkeiten, um mit uns in Kontakt zu treten. BEISCHERS GRILLHENDL Conny Prummer-BeischerWinklerstra\u00dfe 1486947 PestenackerTel.: +0049 8195\/998 12 10Fax: +0049 8195\/22 93 059Mobil: 0151\/153 66 434E-Mail: prummer@beischers-grillhendl.de Sie m\u00f6chten eine unserer leckeren Grillspezialit\u00e4ten genie\u00dfen, wissen aber nicht wo und wann Sie unserer Verkaufsfahrzeuge finden? Dann rufen [&hellip;]<\/p>\n","protected":false},"author":1,"featured_media":0,"parent":0,"menu_order":4,"comment_status":"open","ping_status":"open","template":"","meta":[],"_links":{"self":[{"href":"https:\/\/www.beischers-grillhendl.de\/index.php?rest_route=\/wp\/v2\/pages\/25"}],"collection":[{"href":"https:\/\/www.beischers-grillhendl.de\/index.php?rest_route=\/wp\/v2\/pages"}],"about":[{"href":"https:\/\/www.beischers-grillhendl.de\/index.php?rest_route=\/wp\/v2\/types\/page"}],"author":[{"embeddable":true,"href":"https:\/\/www.beischers-grillhendl.de\/index.php?rest_route=\/wp\/v2\/users\/1"}],"replies":[{"embeddable":true,"href":"https:\/\/www.beischers-grillhendl.de\/index.php?rest_route=%2Fwp%2Fv2%2Fcomments&post=25"}],"version-history":[{"count":7,"href":"https:\/\/www.beischers-grillhendl.de\/index.php?rest_route=\/wp\/v2\/pages\/25\/revisions"}],"predecessor-version":[{"id":151,"href":"https:\/\/www.beischers-grillhendl.de\/index.php?rest_route=\/wp\/v2\/pages\/25\/revisions\/151"}],"wp:attachment":[{"href":"https:\/\/www.beischers-grillhendl.de\/index.php?rest_route=%2Fwp%2Fv2%2Fmedia&parent=25"}],"curies":[{"name":"wp","href":"https:\/\/api.w.org\/{rel}","templated":true}]}}