{"id":27,"date":"2014-01-25T21:56:43","date_gmt":"2014-01-25T19:56:43","guid":{"rendered":"http:\/\/www.beischers-grillhendl.de\/wordpress\/?page_id=27"},"modified":"2014-10-08T20:48:15","modified_gmt":"2014-10-08T18:48:15","slug":"impressum","status":"publish","type":"page","link":"https:\/\/www.beischers-grillhendl.de\/?page_id=27","title":{"rendered":"IMPRESSUM"},"content":{"rendered":"<h2>BEISCHERS GRILLHENDL<\/h2>\r\nStefan Prummer\r\n\r\nWinkler Stra\u00dfe 14\r\n\r\n86947 Pestenacker\r\n\r\n&nbsp;\r\n\r\n&nbsp;\r\n\r\nSteuer Nr. 131\/259\/70340\r\n<h3>Haftungshinweise<\/h3>\r\nTrotz sorgf\u00e4ltiger inhaltlicher Kontrolle \u00fcbernehmen wir keine Haftung f\u00fcr die Inhalte externer Links.\r\nF\u00fcr den Inhalt der verlinkten Seiten sind ausschlie\u00dflich deren Betreiber verantwortlich.\r\n\r\n&nbsp;\r\n\r\nWir distanzieren uns hiermit ausdr\u00fccklich\u00a0 von allen Inhalten aller gelinkten Seiten dieser Site und machen uns deren Inhalte nicht zueigen. Diese Erkl\u00e4rung gilt f\u00fcr alle auf dieser Site angebrachten Links. Diese Einschr\u00e4nkung gilt gleicherma\u00dfen auch f\u00fcr Fremdeintr\u00e4ge in unserem G\u00e4stebuch.\r\n\r\nDer Inhalt dieser Website einschlie\u00dflich Gestaltung und Programmierung unterliegt dem Urheberrecht (Copyright). Eine Vervielf\u00e4ltigung von Texten oder Bildern bedarf unserer ausdr\u00fccklichen Zustimmung.","protected":false},"excerpt":{"rendered":"<p>BEISCHERS GRILLHENDL Stefan Prummer Winkler Stra\u00dfe 14 86947 Pestenacker &nbsp; &nbsp; Steuer Nr. 131\/259\/70340 Haftungshinweise Trotz sorgf\u00e4ltiger inhaltlicher Kontrolle \u00fcbernehmen wir keine Haftung f\u00fcr die Inhalte externer Links. F\u00fcr den Inhalt der verlinkten Seiten sind ausschlie\u00dflich deren Betreiber verantwortlich. &nbsp; Wir distanzieren uns hiermit ausdr\u00fccklich\u00a0 von allen Inhalten aller gelinkten Seiten dieser Site und machen [&hellip;]<\/p>\n","protected":false},"author":1,"featured_media":0,"parent":0,"menu_order":6,"comment_status":"open","ping_status":"open","template":"","meta":[],"_links":{"self":[{"href":"https:\/\/www.beischers-grillhendl.de\/index.php?rest_route=\/wp\/v2\/pages\/27"}],"collection":[{"href":"https:\/\/www.beischers-grillhendl.de\/index.php?rest_route=\/wp\/v2\/pages"}],"about":[{"href":"https:\/\/www.beischers-grillhendl.de\/index.php?rest_route=\/wp\/v2\/types\/page"}],"author":[{"embeddable":true,"href":"https:\/\/www.beischers-grillhendl.de\/index.php?rest_route=\/wp\/v2\/users\/1"}],"replies":[{"embeddable":true,"href":"https:\/\/www.beischers-grillhendl.de\/index.php?rest_route=%2Fwp%2Fv2%2Fcomments&post=27"}],"version-history":[{"count":6,"href":"https:\/\/www.beischers-grillhendl.de\/index.php?rest_route=\/wp\/v2\/pages\/27\/revisions"}],"predecessor-version":[{"id":161,"href":"https:\/\/www.beischers-grillhendl.de\/index.php?rest_route=\/wp\/v2\/pages\/27\/revisions\/161"}],"wp:attachment":[{"href":"https:\/\/www.beischers-grillhendl.de\/index.php?rest_route=%2Fwp%2Fv2%2Fmedia&parent=27"}],"curies":[{"name":"wp","href":"https:\/\/api.w.org\/{rel}","templated":true}]}}